{"id":35,"date":"2014-02-06T15:10:54","date_gmt":"2014-02-06T13:10:54","guid":{"rendered":"http:\/\/www.fsv-dautmergen.de\/FSV\/WP_A\/?page_id=35"},"modified":"2023-03-28T12:18:50","modified_gmt":"2023-03-28T10:18:50","slug":"seniorengymnastik","status":"publish","type":"page","link":"https:\/\/www.fsv-dautmergen.de\/FSV\/WP_A\/?page_id=35","title":{"rendered":"Seniorengymnastik"},"content":{"rendered":"<p><a href=\"https:\/\/i0.wp.com\/www.fsv-dautmergen.de\/FSV\/WP_A\/wp-content\/uploads\/2014\/02\/17-Medium.jpg\"><img loading=\"lazy\" decoding=\"async\" data-attachment-id=\"225\" data-permalink=\"https:\/\/www.fsv-dautmergen.de\/FSV\/WP_A\/?attachment_id=225\" data-orig-file=\"https:\/\/i0.wp.com\/www.fsv-dautmergen.de\/FSV\/WP_A\/wp-content\/uploads\/2014\/02\/17-Medium.jpg?fit=1024%2C768&amp;ssl=1\" data-orig-size=\"1024,768\" data-comments-opened=\"1\" data-image-meta=\"{&quot;aperture&quot;:&quot;3.4&quot;,&quot;credit&quot;:&quot;&quot;,&quot;camera&quot;:&quot;DMC-TZ18&quot;,&quot;caption&quot;:&quot;&quot;,&quot;created_timestamp&quot;:&quot;1381256674&quot;,&quot;copyright&quot;:&quot;&quot;,&quot;focal_length&quot;:&quot;4.7&quot;,&quot;iso&quot;:&quot;400&quot;,&quot;shutter_speed&quot;:&quot;0.1&quot;,&quot;title&quot;:&quot;&quot;}\" data-image-title=\"17 (Medium)\" data-image-description=\"\" data-image-caption=\"\" data-medium-file=\"https:\/\/i0.wp.com\/www.fsv-dautmergen.de\/FSV\/WP_A\/wp-content\/uploads\/2014\/02\/17-Medium.jpg?fit=300%2C225&amp;ssl=1\" data-large-file=\"https:\/\/i0.wp.com\/www.fsv-dautmergen.de\/FSV\/WP_A\/wp-content\/uploads\/2014\/02\/17-Medium.jpg?fit=474%2C356&amp;ssl=1\" tabindex=\"0\" role=\"button\" class=\"alignright size-medium wp-image-225\" src=\"https:\/\/i0.wp.com\/www.fsv-dautmergen.de\/FSV\/WP_A\/wp-content\/uploads\/2014\/02\/17-Medium.jpg?resize=300%2C225\" alt=\"17 (Medium)\" width=\"300\" height=\"225\" srcset=\"https:\/\/i0.wp.com\/www.fsv-dautmergen.de\/FSV\/WP_A\/wp-content\/uploads\/2014\/02\/17-Medium.jpg?resize=300%2C225&amp;ssl=1 300w, https:\/\/i0.wp.com\/www.fsv-dautmergen.de\/FSV\/WP_A\/wp-content\/uploads\/2014\/02\/17-Medium.jpg?w=1024&amp;ssl=1 1024w, https:\/\/i0.wp.com\/www.fsv-dautmergen.de\/FSV\/WP_A\/wp-content\/uploads\/2014\/02\/17-Medium.jpg?w=948 948w\" sizes=\"(max-width: 300px) 100vw, 300px\" data-recalc-dims=\"1\" \/><\/a>Die Sportlichen Aktivit\u00e4ten und das Programm der Seniorengymnastikgruppe sind ausgelegt f\u00fcr Frauen im Alter ab 55 Jahren. Marion Walter schafft es\u00a0 sich jede Woche ein vielseitiges und abwechslungsreiches Programm einfallen zu lassen.<\/p>\n<p><a href=\"http:\/\/www.fsv-dautmergen.de\/FSV\/WP_A\/wp-content\/uploads\/2014\/02\/17-Medium.jpg\">\u00a0<\/a><\/p>\n<p>Die Gymnastikgruppe trifft sich immer dienstags von 18.00 Uhr &#8211; 19.00 Uhr<\/p>\n<p><strong>Sportliche Aktivit\u00e4ten:<\/strong><a href=\"https:\/\/i0.wp.com\/www.fsv-dautmergen.de\/FSV\/WP_A\/wp-content\/uploads\/2014\/02\/16-Medium.jpg\"><img loading=\"lazy\" decoding=\"async\" data-attachment-id=\"230\" data-permalink=\"https:\/\/www.fsv-dautmergen.de\/FSV\/WP_A\/?attachment_id=230\" data-orig-file=\"https:\/\/i0.wp.com\/www.fsv-dautmergen.de\/FSV\/WP_A\/wp-content\/uploads\/2014\/02\/16-Medium.jpg?fit=1024%2C768&amp;ssl=1\" data-orig-size=\"1024,768\" data-comments-opened=\"1\" data-image-meta=\"{&quot;aperture&quot;:&quot;3.3&quot;,&quot;credit&quot;:&quot;&quot;,&quot;camera&quot;:&quot;DMC-TZ18&quot;,&quot;caption&quot;:&quot;&quot;,&quot;created_timestamp&quot;:&quot;1381260160&quot;,&quot;copyright&quot;:&quot;&quot;,&quot;focal_length&quot;:&quot;4.3&quot;,&quot;iso&quot;:&quot;400&quot;,&quot;shutter_speed&quot;:&quot;0.2&quot;,&quot;title&quot;:&quot;&quot;}\" data-image-title=\"16 (Medium)\" data-image-description=\"\" data-image-caption=\"\" data-medium-file=\"https:\/\/i0.wp.com\/www.fsv-dautmergen.de\/FSV\/WP_A\/wp-content\/uploads\/2014\/02\/16-Medium.jpg?fit=300%2C225&amp;ssl=1\" data-large-file=\"https:\/\/i0.wp.com\/www.fsv-dautmergen.de\/FSV\/WP_A\/wp-content\/uploads\/2014\/02\/16-Medium.jpg?fit=474%2C356&amp;ssl=1\" tabindex=\"0\" role=\"button\" class=\"alignright size-medium wp-image-230\" src=\"https:\/\/i0.wp.com\/www.fsv-dautmergen.de\/FSV\/WP_A\/wp-content\/uploads\/2014\/02\/16-Medium.jpg?resize=300%2C225\" alt=\"16 (Medium)\" width=\"300\" height=\"225\" srcset=\"https:\/\/i0.wp.com\/www.fsv-dautmergen.de\/FSV\/WP_A\/wp-content\/uploads\/2014\/02\/16-Medium.jpg?resize=300%2C225&amp;ssl=1 300w, https:\/\/i0.wp.com\/www.fsv-dautmergen.de\/FSV\/WP_A\/wp-content\/uploads\/2014\/02\/16-Medium.jpg?w=1024&amp;ssl=1 1024w, https:\/\/i0.wp.com\/www.fsv-dautmergen.de\/FSV\/WP_A\/wp-content\/uploads\/2014\/02\/16-Medium.jpg?w=948 948w\" sizes=\"(max-width: 300px) 100vw, 300px\" data-recalc-dims=\"1\" \/><\/a><\/p>\n<ul>\n<li>Gymnastische \u00dcbungen zur Erhaltung und Verbesserung der Beweglichkeit<\/li>\n<li>Kleine Geschicklichkeitsspiele (Kegeln, Zielwerfen, &#8230;.)<\/li>\n<li>T\u00e4nze und Bewegungsabl\u00e4ufe auf Musik<\/li>\n<li>\u00dcbungen mit verschiedenen Ger\u00e4ten (S\u00e4ckchen, Dynab\u00e4nder, B\u00e4lle usw.)<\/li>\n<li>Ged\u00e4chtnistraining<\/li>\n<li>Dehn\u00fcbungen<\/li>\n<li>Entspannungs\u00fcbungen<a href=\"https:\/\/i0.wp.com\/www.fsv-dautmergen.de\/FSV\/WP_A\/wp-content\/uploads\/2014\/02\/25-Medium.jpg\"><img loading=\"lazy\" decoding=\"async\" data-attachment-id=\"231\" data-permalink=\"https:\/\/www.fsv-dautmergen.de\/FSV\/WP_A\/?attachment_id=231\" data-orig-file=\"https:\/\/i0.wp.com\/www.fsv-dautmergen.de\/FSV\/WP_A\/wp-content\/uploads\/2014\/02\/25-Medium.jpg?fit=1024%2C768&amp;ssl=1\" data-orig-size=\"1024,768\" data-comments-opened=\"1\" data-image-meta=\"{&quot;aperture&quot;:&quot;3.3&quot;,&quot;credit&quot;:&quot;&quot;,&quot;camera&quot;:&quot;DMC-TZ18&quot;,&quot;caption&quot;:&quot;&quot;,&quot;created_timestamp&quot;:&quot;1374611156&quot;,&quot;copyright&quot;:&quot;&quot;,&quot;focal_length&quot;:&quot;4.3&quot;,&quot;iso&quot;:&quot;400&quot;,&quot;shutter_speed&quot;:&quot;0.016666666666667&quot;,&quot;title&quot;:&quot;&quot;}\" data-image-title=\"25 (Medium)\" data-image-description=\"\" data-image-caption=\"\" data-medium-file=\"https:\/\/i0.wp.com\/www.fsv-dautmergen.de\/FSV\/WP_A\/wp-content\/uploads\/2014\/02\/25-Medium.jpg?fit=300%2C225&amp;ssl=1\" data-large-file=\"https:\/\/i0.wp.com\/www.fsv-dautmergen.de\/FSV\/WP_A\/wp-content\/uploads\/2014\/02\/25-Medium.jpg?fit=474%2C356&amp;ssl=1\" tabindex=\"0\" role=\"button\" class=\"alignright size-medium wp-image-231\" src=\"https:\/\/i0.wp.com\/www.fsv-dautmergen.de\/FSV\/WP_A\/wp-content\/uploads\/2014\/02\/25-Medium.jpg?resize=300%2C225\" alt=\"25 (Medium)\" width=\"300\" height=\"225\" srcset=\"https:\/\/i0.wp.com\/www.fsv-dautmergen.de\/FSV\/WP_A\/wp-content\/uploads\/2014\/02\/25-Medium.jpg?resize=300%2C225&amp;ssl=1 300w, https:\/\/i0.wp.com\/www.fsv-dautmergen.de\/FSV\/WP_A\/wp-content\/uploads\/2014\/02\/25-Medium.jpg?w=1024&amp;ssl=1 1024w, https:\/\/i0.wp.com\/www.fsv-dautmergen.de\/FSV\/WP_A\/wp-content\/uploads\/2014\/02\/25-Medium.jpg?w=948 948w\" sizes=\"(max-width: 300px) 100vw, 300px\" data-recalc-dims=\"1\" \/><\/a><\/li>\n<\/ul>\n<p>Bei uns werden keine sportlichen H\u00f6chstleistungen erwarten sondern wichtig ist uns vor allen Dingen Spa\u00df an der Bewegung und am geselligen Miteinander.<\/p>\n<p>Wer Lust hat in einer lustigen und geselligen Runde sportlich zu sein ist herzlich bei uns willkommen. Interessierte k\u00f6nnen einfach am Dienstag um 18.15 Uhr ins B\u00fcrgerhaus kommen.<\/p>\n","protected":false},"excerpt":{"rendered":"<p>Die Sportlichen Aktivit\u00e4ten und das Programm der Seniorengymnastikgruppe sind ausgelegt f\u00fcr Frauen im Alter ab 55 Jahren. Marion Walter schafft es\u00a0 sich jede Woche ein vielseitiges und abwechslungsreiches Programm einfallen zu lassen. \u00a0 Die Gymnastikgruppe trifft sich immer dienstags von 18.00 Uhr &#8211; 19.00 Uhr Sportliche Aktivit\u00e4ten: Gymnastische \u00dcbungen zur Erhaltung und Verbesserung der Beweglichkeit &hellip; <a href=\"https:\/\/www.fsv-dautmergen.de\/FSV\/WP_A\/?page_id=35\" class=\"more-link\"><span class=\"screen-reader-text\">Seniorengymnastik<\/span> weiterlesen <span class=\"meta-nav\">&rarr;<\/span><\/a><\/p>\n","protected":false},"author":1,"featured_media":224,"parent":0,"menu_order":0,"comment_status":"closed","ping_status":"closed","template":"","meta":{"jetpack_post_was_ever_published":false,"footnotes":""},"jetpack_shortlink":"https:\/\/wp.me\/P4mrdi-z","jetpack_sharing_enabled":true,"_links":{"self":[{"href":"https:\/\/www.fsv-dautmergen.de\/FSV\/WP_A\/index.php?rest_route=\/wp\/v2\/pages\/35"}],"collection":[{"href":"https:\/\/www.fsv-dautmergen.de\/FSV\/WP_A\/index.php?rest_route=\/wp\/v2\/pages"}],"about":[{"href":"https:\/\/www.fsv-dautmergen.de\/FSV\/WP_A\/index.php?rest_route=\/wp\/v2\/types\/page"}],"author":[{"embeddable":true,"href":"https:\/\/www.fsv-dautmergen.de\/FSV\/WP_A\/index.php?rest_route=\/wp\/v2\/users\/1"}],"replies":[{"embeddable":true,"href":"https:\/\/www.fsv-dautmergen.de\/FSV\/WP_A\/index.php?rest_route=%2Fwp%2Fv2%2Fcomments&post=35"}],"version-history":[{"count":6,"href":"https:\/\/www.fsv-dautmergen.de\/FSV\/WP_A\/index.php?rest_route=\/wp\/v2\/pages\/35\/revisions"}],"predecessor-version":[{"id":1947,"href":"https:\/\/www.fsv-dautmergen.de\/FSV\/WP_A\/index.php?rest_route=\/wp\/v2\/pages\/35\/revisions\/1947"}],"wp:featuredmedia":[{"embeddable":true,"href":"https:\/\/www.fsv-dautmergen.de\/FSV\/WP_A\/index.php?rest_route=\/wp\/v2\/media\/224"}],"wp:attachment":[{"href":"https:\/\/www.fsv-dautmergen.de\/FSV\/WP_A\/index.php?rest_route=%2Fwp%2Fv2%2Fmedia&parent=35"}],"curies":[{"name":"wp","href":"https:\/\/api.w.org\/{rel}","templated":true}]}}