{"id":22,"date":"2014-02-06T14:54:50","date_gmt":"2014-02-06T12:54:50","guid":{"rendered":"http:\/\/www.fsv-dautmergen.de\/FSV\/WP_A\/?page_id=22"},"modified":"2023-03-28T12:13:38","modified_gmt":"2023-03-28T10:13:38","slug":"zumba","status":"publish","type":"page","link":"https:\/\/www.fsv-dautmergen.de\/FSV\/WP_A\/?page_id=22","title":{"rendered":"BWO"},"content":{"rendered":"<h1>BodyWorkOut und Bewegter R\u00fccken<\/h1>\n<p>Wir haben Diana Trick als eine herausragende Aerobic Trainerin mit B-Lizenz f\u00fcr einen Kurs in Dautmergen gewinnen k\u00f6nnen. Mit Ihren 25 Jahren Erfahrung und Ausbildungen zur R\u00fcckenschulleiterin, Group-Fitness, Step Aerobik, Tae Bo und Spinning hat Sie genau den Mix der Euch gefallen und Euch zum schwitzen bringen wird.<\/p>\n<p>Orginalton Bruno: <em>&#8222;Die macht das einfach nur Klasse. Hab bereits in der Pause den ersten Krampf bekommen. Da ist jeder Zirkeltraining ein Klacks&#8220;<\/em><\/p>\n<p>Immer Montags im Dautmerger B\u00fcrgerhaus.<\/p>\n<p><b>18.15 &#8211; 19.15 Uhr Body-<\/b><b>Workout<\/b><\/p>\n<p><b>19.20 \u2013 20.20 Uhr <\/b><b>R\u00fcckenkurs \/ bewegter R\u00fccken<\/b><\/p>\n<p>Die Geb\u00fchren belaufen sich f\u00fcr Mitglieder des FSV auf 5,00\u20ac\/Kurs sowie 5,50\u20ac\/Kurs f\u00fcr Nichtmitglieder. Eine Mitgliedschaft im Verein ist aber nicht erforderlich.<\/p>\n<p>Nicht nur M\u00e4nner sondern auch\u00a0gerne\u00a0Interessierte aus unseren Nachbargemeinden\u00a0(T\u00e4bingen, Leidringen, Dormettingen, &#8230;) \u00a0sind herzlich eingeladen und willkommen.<br \/>\nAnmeldungen zum Kurs bitte bei:<br \/>\n<a href=\"mailto:Diana.trick@gmx.de\">Diana.trick@gmx.de<\/a> oder 0174\u20104139624<\/p>\n","protected":false},"excerpt":{"rendered":"<p>BodyWorkOut und Bewegter R\u00fccken Wir haben Diana Trick als eine herausragende Aerobic Trainerin mit B-Lizenz f\u00fcr einen Kurs in Dautmergen [&hellip;]<\/p>\n","protected":false},"author":1,"featured_media":352,"parent":0,"menu_order":0,"comment_status":"closed","ping_status":"closed","template":"","meta":{"site-sidebar-layout":"default","site-content-layout":"","ast-site-content-layout":"default","site-content-style":"default","site-sidebar-style":"default","ast-global-header-display":"","ast-banner-title-visibility":"","ast-main-header-display":"","ast-hfb-above-header-display":"","ast-hfb-below-header-display":"","ast-hfb-mobile-header-display":"","site-post-title":"","ast-breadcrumbs-content":"","ast-featured-img":"","footer-sml-layout":"","ast-disable-related-posts":"","theme-transparent-header-meta":"","adv-header-id-meta":"","stick-header-meta":"","header-above-stick-meta":"","header-main-stick-meta":"","header-below-stick-meta":"","astra-migrate-meta-layouts":"default","ast-page-background-enabled":"default","ast-page-background-meta":{"desktop":{"background-color":"var(--ast-global-color-5)","background-image":"","background-repeat":"repeat","background-position":"center center","background-size":"auto","background-attachment":"scroll","background-type":"","background-media":"","overlay-type":"","overlay-color":"","overlay-opacity":"","overlay-gradient":""},"tablet":{"background-color":"","background-image":"","background-repeat":"repeat","background-position":"center center","background-size":"auto","background-attachment":"scroll","background-type":"","background-media":"","overlay-type":"","overlay-color":"","overlay-opacity":"","overlay-gradient":""},"mobile":{"background-color":"","background-image":"","background-repeat":"repeat","background-position":"center center","background-size":"auto","background-attachment":"scroll","background-type":"","background-media":"","overlay-type":"","overlay-color":"","overlay-opacity":"","overlay-gradient":""}},"ast-content-background-meta":{"desktop":{"background-color":"var(--ast-global-color-4)","background-image":"","background-repeat":"repeat","background-position":"center center","background-size":"auto","background-attachment":"scroll","background-type":"","background-media":"","overlay-type":"","overlay-color":"","overlay-opacity":"","overlay-gradient":""},"tablet":{"background-color":"var(--ast-global-color-4)","background-image":"","background-repeat":"repeat","background-position":"center center","background-size":"auto","background-attachment":"scroll","background-type":"","background-media":"","overlay-type":"","overlay-color":"","overlay-opacity":"","overlay-gradient":""},"mobile":{"background-color":"var(--ast-global-color-4)","background-image":"","background-repeat":"repeat","background-position":"center center","background-size":"auto","background-attachment":"scroll","background-type":"","background-media":"","overlay-type":"","overlay-color":"","overlay-opacity":"","overlay-gradient":""}},"jetpack_post_was_ever_published":false,"footnotes":""},"class_list":["post-22","page","type-page","status-publish","has-post-thumbnail","hentry"],"jetpack_shortlink":"https:\/\/wp.me\/P4mrdi-m","jetpack_sharing_enabled":true,"_links":{"self":[{"href":"https:\/\/www.fsv-dautmergen.de\/FSV\/WP_A\/index.php?rest_route=\/wp\/v2\/pages\/22","targetHints":{"allow":["GET"]}}],"collection":[{"href":"https:\/\/www.fsv-dautmergen.de\/FSV\/WP_A\/index.php?rest_route=\/wp\/v2\/pages"}],"about":[{"href":"https:\/\/www.fsv-dautmergen.de\/FSV\/WP_A\/index.php?rest_route=\/wp\/v2\/types\/page"}],"author":[{"embeddable":true,"href":"https:\/\/www.fsv-dautmergen.de\/FSV\/WP_A\/index.php?rest_route=\/wp\/v2\/users\/1"}],"replies":[{"embeddable":true,"href":"https:\/\/www.fsv-dautmergen.de\/FSV\/WP_A\/index.php?rest_route=%2Fwp%2Fv2%2Fcomments&post=22"}],"version-history":[{"count":8,"href":"https:\/\/www.fsv-dautmergen.de\/FSV\/WP_A\/index.php?rest_route=\/wp\/v2\/pages\/22\/revisions"}],"predecessor-version":[{"id":1940,"href":"https:\/\/www.fsv-dautmergen.de\/FSV\/WP_A\/index.php?rest_route=\/wp\/v2\/pages\/22\/revisions\/1940"}],"wp:featuredmedia":[{"embeddable":true,"href":"https:\/\/www.fsv-dautmergen.de\/FSV\/WP_A\/index.php?rest_route=\/wp\/v2\/media\/352"}],"wp:attachment":[{"href":"https:\/\/www.fsv-dautmergen.de\/FSV\/WP_A\/index.php?rest_route=%2Fwp%2Fv2%2Fmedia&parent=22"}],"curies":[{"name":"wp","href":"https:\/\/api.w.org\/{rel}","templated":true}]}}